{"id":993,"date":"2020-12-08T11:55:54","date_gmt":"2020-12-08T10:55:54","guid":{"rendered":"https:\/\/www.simo-international.ovh\/?page_id=993"},"modified":"2021-01-11T17:13:06","modified_gmt":"2021-01-11T16:13:06","slug":"mentions-legales","status":"publish","type":"page","link":"https:\/\/www.simo-international.com\/en\/mentions-legales\/","title":{"rendered":"Legal Notice"},"content":{"rendered":"<div data-elementor-type=\"wp-page\" data-elementor-id=\"993\" class=\"elementor elementor-993\" data-elementor-settings=\"[]\">\n\t\t\t\t\t\t<div class=\"elementor-inner\">\n\t\t\t\t\t\t\t<div class=\"elementor-section-wrap\">\n\t\t\t\t\t\t\t<section class=\"elementor-section elementor-top-section elementor-element elementor-element-1d4a0ce elementor-section-boxed elementor-section-height-default elementor-section-height-default\" data-id=\"1d4a0ce\" data-element_type=\"section\">\n\t\t\t\t\t\t<div class=\"elementor-container elementor-column-gap-default\">\n\t\t\t\t\t\t\t<div class=\"elementor-row\">\n\t\t\t\t\t<div class=\"elementor-column elementor-col-100 elementor-top-column elementor-element elementor-element-7f5b6b8\" data-id=\"7f5b6b8\" data-element_type=\"column\">\n\t\t\t<div class=\"elementor-column-wrap elementor-element-populated\">\n\t\t\t\t\t\t\t<div class=\"elementor-widget-wrap\">\n\t\t\t\t\t\t<div class=\"elementor-element elementor-element-3a1de84 elementor-widget elementor-widget-breadcrumbs\" data-id=\"3a1de84\" data-element_type=\"widget\" data-widget_type=\"breadcrumbs.default\">\n\t\t\t\t<div class=\"elementor-widget-container\">\n\t\t\t<p id=\"breadcrumbs\"><span><span><a href=\"https:\/\/www.simo-international.com\/en\/\">Home<\/a><\/span><\/p>\t\t<\/div>\n\t\t\t\t<\/div>\n\t\t\t\t\t\t<\/div>\n\t\t\t\t\t<\/div>\n\t\t<\/div>\n\t\t\t\t\t\t\t\t<\/div>\n\t\t\t\t\t<\/div>\n\t\t<\/section>\n\t\t\t\t<section class=\"elementor-section elementor-top-section elementor-element elementor-element-b1c6e31 elementor-section-boxed elementor-section-height-default elementor-section-height-default\" data-id=\"b1c6e31\" data-element_type=\"section\">\n\t\t\t\t\t\t<div class=\"elementor-container elementor-column-gap-default\">\n\t\t\t\t\t\t\t<div class=\"elementor-row\">\n\t\t\t\t\t<div class=\"elementor-column elementor-col-100 elementor-top-column elementor-element elementor-element-61749f3\" data-id=\"61749f3\" data-element_type=\"column\">\n\t\t\t<div class=\"elementor-column-wrap elementor-element-populated\">\n\t\t\t\t\t\t\t<div class=\"elementor-widget-wrap\">\n\t\t\t\t\t\t<div class=\"elementor-element elementor-element-c31dc42 elementor-widget elementor-widget-text-editor\" data-id=\"c31dc42\" data-element_type=\"widget\" data-widget_type=\"text-editor.default\">\n\t\t\t\t<div class=\"elementor-widget-container\">\n\t\t\t\t\t<div class=\"elementor-text-editor elementor-clearfix\"><p>This site www.simo-international.com is the property of SIMO INTERNATIONAL, SA with a management board and supervisory board, registered with the RCS of Nanterre under number 331 692 665, and whose head office is located at 54 RUE DU DIX NEW JANUARY 92380 GARCHES.<\/p><p>Intra-community VAT number is FR15331692665.<\/p><p>Director of publication: Mr. Dan Uzan.<\/p><p>This site is governed by French law.<\/p><\/div>\n\t\t\t\t<\/div>\n\t\t\t\t<\/div>\n\t\t\t\t\t\t<\/div>\n\t\t\t\t\t<\/div>\n\t\t<\/div>\n\t\t\t\t\t\t\t\t<\/div>\n\t\t\t\t\t<\/div>\n\t\t<\/section>\n\t\t\t\t<section class=\"elementor-section elementor-top-section elementor-element elementor-element-8d9c26d elementor-section-boxed elementor-section-height-default elementor-section-height-default\" data-id=\"8d9c26d\" data-element_type=\"section\">\n\t\t\t\t\t\t<div class=\"elementor-container elementor-column-gap-default\">\n\t\t\t\t\t\t\t<div class=\"elementor-row\">\n\t\t\t\t\t<div class=\"elementor-column elementor-col-50 elementor-top-column elementor-element elementor-element-4f813a0\" data-id=\"4f813a0\" data-element_type=\"column\">\n\t\t\t<div class=\"elementor-column-wrap elementor-element-populated\">\n\t\t\t\t\t\t\t<div class=\"elementor-widget-wrap\">\n\t\t\t\t\t\t<div class=\"elementor-element elementor-element-0ccb80d elementor-widget elementor-widget-text-editor\" data-id=\"0ccb80d\" data-element_type=\"widget\" data-widget_type=\"text-editor.default\">\n\t\t\t\t<div class=\"elementor-widget-container\">\n\t\t\t\t\t<div class=\"elementor-text-editor elementor-clearfix\"><h2>Accommodation<\/h2>\n<p>Hosting is provided by the company OVH on servers located in Gravelines, France.<br>Headquarters: 2 rue Kellermann - 59100 ROUBAIX<br><a href=\"https:\/\/www.ovh.com\" target=\"_blank\" rel=\"noopener\">www.ovh.com<\/a><\/p>\n<p><\/p><\/div>\n\t\t\t\t<\/div>\n\t\t\t\t<\/div>\n\t\t\t\t\t\t<\/div>\n\t\t\t\t\t<\/div>\n\t\t<\/div>\n\t\t\t\t<div class=\"elementor-column elementor-col-50 elementor-top-column elementor-element elementor-element-86a06f3\" data-id=\"86a06f3\" data-element_type=\"column\">\n\t\t\t<div class=\"elementor-column-wrap elementor-element-populated\">\n\t\t\t\t\t\t\t<div class=\"elementor-widget-wrap\">\n\t\t\t\t\t\t<div class=\"elementor-element elementor-element-e51111b elementor-widget elementor-widget-text-editor\" data-id=\"e51111b\" data-element_type=\"widget\" data-widget_type=\"text-editor.default\">\n\t\t\t\t<div class=\"elementor-widget-container\">\n\t\t\t\t\t<div class=\"elementor-text-editor elementor-clearfix\"><div>\n<h2>Conception and development <\/h2>\n<\/div>\n\n<p>Nextase Agency<br>4 rue Madeleine Vionnet<br>17000 La Rochelle<br><a href=\"https:\/\/www.nextase.fr\" target=\"_blank\" rel=\"noopener\">www.nextase.fr<\/a><\/p><\/div>\n\t\t\t\t<\/div>\n\t\t\t\t<\/div>\n\t\t\t\t\t\t<\/div>\n\t\t\t\t\t<\/div>\n\t\t<\/div>\n\t\t\t\t\t\t\t\t<\/div>\n\t\t\t\t\t<\/div>\n\t\t<\/section>\n\t\t\t\t\t\t<\/div>\n\t\t\t\t\t\t<\/div>\n\t\t\t\t\t<\/div>","protected":false},"excerpt":{"rendered":"<p>This site www.simo-international.com is the property of SIMO INTERNATIONAL, SA with a management board and supervisory board, registered with the RCS of Nanterre under number 331 692 665, and whose head office is located at 54 RUE DU DIX NEW JANUARY 92380 GARCHES. Intra-community VAT number is FR15331692665. Director of publication: Mr. [\u2026]<\/p>","protected":false},"author":2,"featured_media":0,"parent":0,"menu_order":0,"comment_status":"closed","ping_status":"closed","template":"","meta":[],"yoast_head":"<!-- This site is optimized with the Yoast SEO plugin v15.6.2 - https:\/\/yoast.com\/wordpress\/plugins\/seo\/ -->\n<title>Mentions l\u00e9gales - Simo-Internationnal<\/title>\n<meta name=\"robots\" content=\"index, follow, max-snippet:-1, max-image-preview:large, max-video-preview:-1\" \/>\n<link rel=\"canonical\" href=\"https:\/\/www.simo-international.com\/en\/mentions-legales\/\" \/>\n<meta property=\"og:locale\" content=\"en_GB\" \/>\n<meta property=\"og:type\" content=\"article\" \/>\n<meta property=\"og:title\" content=\"Mentions l\u00e9gales - Simo-Internationnal\" \/>\n<meta property=\"og:description\" content=\"Le pr\u00e9sent site www.simo-international.com est la propri\u00e9t\u00e9 de la soci\u00e9t\u00e9 SIMO INTERNATIONAL, SA \u00e0 directoire et conseil de surveillance, immatricul\u00e9e au RCS de Nanterre sous le num\u00e9ro 331\u00a0692\u00a0665, et dont le si\u00e8ge social est situ\u00e9 54 RUE DU DIX NEUF JANVIER 92380 GARCHES. N\u00b0 TVA intracommunautaire est le FR15331692665. Directeur de la publication : Monsieur [&hellip;]\" \/>\n<meta property=\"og:url\" content=\"https:\/\/www.simo-international.com\/en\/mentions-legales\/\" \/>\n<meta property=\"og:site_name\" content=\"Simo-Internationnal\" \/>\n<meta property=\"article:modified_time\" content=\"2021-01-11T16:13:06+00:00\" \/>\n<meta name=\"twitter:card\" content=\"summary_large_image\" \/>\n<meta name=\"twitter:label1\" content=\"Estimated reading time\">\n\t<meta name=\"twitter:data1\" content=\"1 minute\">\n<script type=\"application\/ld+json\" class=\"yoast-schema-graph\">{\"@context\":\"https:\/\/schema.org\",\"@graph\":[{\"@type\":\"Organization\",\"@id\":\"https:\/\/www.simo-international.com\/#organization\",\"name\":\"Simo INternational\",\"url\":\"https:\/\/www.simo-international.com\/\",\"sameAs\":[],\"logo\":{\"@type\":\"ImageObject\",\"@id\":\"https:\/\/www.simo-international.com\/#logo\",\"inLanguage\":\"en-GB\",\"url\":\"https:\/\/www.simo-international.com\/wp-content\/uploads\/2020\/12\/logo_simo_definitif_2020_512x512.png\",\"width\":512,\"height\":512,\"caption\":\"Simo INternational\"},\"image\":{\"@id\":\"https:\/\/www.simo-international.com\/#logo\"}},{\"@type\":\"WebSite\",\"@id\":\"https:\/\/www.simo-international.com\/#website\",\"url\":\"https:\/\/www.simo-international.com\/\",\"name\":\"Simo-Internationnal\",\"description\":\"Un site utilisant WordPress\",\"publisher\":{\"@id\":\"https:\/\/www.simo-international.com\/#organization\"},\"potentialAction\":[{\"@type\":\"SearchAction\",\"target\":\"https:\/\/www.simo-international.com\/?s={search_term_string}\",\"query-input\":\"required name=search_term_string\"}],\"inLanguage\":\"en-GB\"},{\"@type\":\"WebPage\",\"@id\":\"https:\/\/www.simo-international.com\/mentions-legales\/#webpage\",\"url\":\"https:\/\/www.simo-international.com\/mentions-legales\/\",\"name\":\"Mentions l\\u00e9gales - Simo-Internationnal\",\"isPartOf\":{\"@id\":\"https:\/\/www.simo-international.com\/#website\"},\"datePublished\":\"2020-12-08T10:55:54+00:00\",\"dateModified\":\"2021-01-11T16:13:06+00:00\",\"breadcrumb\":{\"@id\":\"https:\/\/www.simo-international.com\/mentions-legales\/#breadcrumb\"},\"inLanguage\":\"en-GB\",\"potentialAction\":[{\"@type\":\"ReadAction\",\"target\":[\"https:\/\/www.simo-international.com\/mentions-legales\/\"]}]},{\"@type\":\"BreadcrumbList\",\"@id\":\"https:\/\/www.simo-international.com\/mentions-legales\/#breadcrumb\",\"itemListElement\":[{\"@type\":\"ListItem\",\"position\":1,\"item\":{\"@type\":\"WebPage\",\"@id\":\"https:\/\/www.simo-international.com\/\",\"url\":\"https:\/\/www.simo-international.com\/\",\"name\":\"Accueil\"}},{\"@type\":\"ListItem\",\"position\":2,\"item\":{\"@type\":\"WebPage\",\"@id\":\"https:\/\/www.simo-international.com\/mentions-legales\/\",\"url\":\"https:\/\/www.simo-international.com\/mentions-legales\/\",\"name\":\"Mentions l\\u00e9gales\"}}]}]}<\/script>\n<!-- \/ Yoast SEO plugin. -->","_links":{"self":[{"href":"https:\/\/www.simo-international.com\/en\/wp-json\/wp\/v2\/pages\/993"}],"collection":[{"href":"https:\/\/www.simo-international.com\/en\/wp-json\/wp\/v2\/pages"}],"about":[{"href":"https:\/\/www.simo-international.com\/en\/wp-json\/wp\/v2\/types\/page"}],"author":[{"embeddable":true,"href":"https:\/\/www.simo-international.com\/en\/wp-json\/wp\/v2\/users\/2"}],"replies":[{"embeddable":true,"href":"https:\/\/www.simo-international.com\/en\/wp-json\/wp\/v2\/comments?post=993"}],"version-history":[{"count":31,"href":"https:\/\/www.simo-international.com\/en\/wp-json\/wp\/v2\/pages\/993\/revisions"}],"predecessor-version":[{"id":1560,"href":"https:\/\/www.simo-international.com\/en\/wp-json\/wp\/v2\/pages\/993\/revisions\/1560"}],"wp:attachment":[{"href":"https:\/\/www.simo-international.com\/en\/wp-json\/wp\/v2\/media?parent=993"}],"curies":[{"name":"wp","href":"https:\/\/api.w.org\/{rel}","templated":true}]}}