{"id":121,"date":"2020-11-26T14:57:49","date_gmt":"2020-11-26T13:57:49","guid":{"rendered":"https:\/\/www.simo-international.ovh\/?page_id=121"},"modified":"2020-12-08T13:40:09","modified_gmt":"2020-12-08T12:40:09","slug":"valeur-ajoutee","status":"publish","type":"page","link":"https:\/\/www.simo-international.com\/en\/fournisseurs\/valeur-ajoutee\/","title":{"rendered":"Added value"},"content":{"rendered":"<div data-elementor-type=\"wp-page\" data-elementor-id=\"121\" class=\"elementor elementor-121\" data-elementor-settings=\"[]\">\n\t\t\t\t\t\t<div class=\"elementor-inner\">\n\t\t\t\t\t\t\t<div class=\"elementor-section-wrap\">\n\t\t\t\t\t\t\t<section class=\"elementor-section elementor-top-section elementor-element elementor-element-3ab72262 elementor-section-boxed elementor-section-height-default elementor-section-height-default\" data-id=\"3ab72262\" data-element_type=\"section\">\n\t\t\t\t\t\t<div class=\"elementor-container elementor-column-gap-default\">\n\t\t\t\t\t\t\t<div class=\"elementor-row\">\n\t\t\t\t\t<div class=\"elementor-column elementor-col-100 elementor-top-column elementor-element elementor-element-4337c22\" data-id=\"4337c22\" data-element_type=\"column\">\n\t\t\t<div class=\"elementor-column-wrap elementor-element-populated\">\n\t\t\t\t\t\t\t<div class=\"elementor-widget-wrap\">\n\t\t\t\t\t\t<div class=\"elementor-element elementor-element-65840fb elementor-widget elementor-widget-breadcrumbs\" data-id=\"65840fb\" data-element_type=\"widget\" data-widget_type=\"breadcrumbs.default\">\n\t\t\t\t<div class=\"elementor-widget-container\">\n\t\t\t<p id=\"breadcrumbs\"><span><span><a href=\"https:\/\/www.simo-international.com\/en\/\">Home<\/a><\/span><\/p>\t\t<\/div>\n\t\t\t\t<\/div>\n\t\t\t\t\t\t<\/div>\n\t\t\t\t\t<\/div>\n\t\t<\/div>\n\t\t\t\t\t\t\t\t<\/div>\n\t\t\t\t\t<\/div>\n\t\t<\/section>\n\t\t\t\t<section class=\"elementor-section elementor-top-section elementor-element elementor-element-73cb8fa elementor-section-boxed elementor-section-height-default elementor-section-height-default\" data-id=\"73cb8fa\" data-element_type=\"section\">\n\t\t\t\t\t\t<div class=\"elementor-container elementor-column-gap-default\">\n\t\t\t\t\t\t\t<div class=\"elementor-row\">\n\t\t\t\t\t<div class=\"elementor-column elementor-col-100 elementor-top-column elementor-element elementor-element-51e11ca\" data-id=\"51e11ca\" data-element_type=\"column\">\n\t\t\t<div class=\"elementor-column-wrap elementor-element-populated\">\n\t\t\t\t\t\t\t<div class=\"elementor-widget-wrap\">\n\t\t\t\t\t\t<div class=\"elementor-element elementor-element-f397774 elementor-widget elementor-widget-text-editor\" data-id=\"f397774\" data-element_type=\"widget\" data-widget_type=\"text-editor.default\">\n\t\t\t\t<div class=\"elementor-widget-container\">\n\t\t\t\t\t<div class=\"elementor-text-editor elementor-clearfix\"><p><!-- wp:paragraph --><\/p>\n<p>The unsold goods that accumulate end up building up unprofitable stocks. These stocks can still find a second life in new markets thanks to <b>Simo International<\/b>.<\/p>\n<p><!-- \/wp:paragraph --><\/p>\n<p><!-- wp:paragraph --><\/p>\n<p>We buy and sell inventory through our well-established and controlled distribution network for many years. We are an international sales force with a customer and supplier experience that has evolved over the years.<\/p>\n<p><!-- \/wp:paragraph --><\/p>\n<p><!-- wp:paragraph --><\/p>\n<p><!-- \/wp:paragraph --><\/p>\n<p><!-- wp:paragraph --><\/p>\n<p><a><b>Simo International<\/b> provides a logistics storage function and a regular supply function for its customers, professional users as well as retailers.<\/a><\/p>\n<p><!-- \/wp:paragraph --><\/p>\n<p><!-- wp:paragraph --><\/p>\n<p><!-- \/wp:paragraph --><\/p>\n<p><!-- wp:paragraph --><\/p>\n<p><!-- \/wp:paragraph --><\/p>\n<p><!-- wp:paragraph --><\/p>\n<p><!-- \/wp:paragraph --><\/p><\/div>\n\t\t\t\t<\/div>\n\t\t\t\t<\/div>\n\t\t\t\t\t\t<\/div>\n\t\t\t\t\t<\/div>\n\t\t<\/div>\n\t\t\t\t\t\t\t\t<\/div>\n\t\t\t\t\t<\/div>\n\t\t<\/section>\n\t\t\t\t<section class=\"elementor-section elementor-top-section elementor-element elementor-element-d5e4566 elementor-section-boxed elementor-section-height-default elementor-section-height-default\" data-id=\"d5e4566\" data-element_type=\"section\">\n\t\t\t\t\t\t<div class=\"elementor-container elementor-column-gap-default\">\n\t\t\t\t\t\t\t<div class=\"elementor-row\">\n\t\t\t\t\t<div class=\"elementor-column elementor-col-100 elementor-top-column elementor-element elementor-element-d8de999\" data-id=\"d8de999\" data-element_type=\"column\">\n\t\t\t<div class=\"elementor-column-wrap elementor-element-populated\">\n\t\t\t\t\t\t\t<div class=\"elementor-widget-wrap\">\n\t\t\t\t\t\t<div class=\"elementor-element elementor-element-459f931 elementor-widget elementor-widget-heading\" data-id=\"459f931\" data-element_type=\"widget\" data-widget_type=\"heading.default\">\n\t\t\t\t<div class=\"elementor-widget-container\">\n\t\t\t<h2 class=\"elementor-heading-title elementor-size-default\">High Quality Clearance<br><br>35 years of experience <br><b>make our reputation<\/b><\/h2>\t\t<\/div>\n\t\t\t\t<\/div>\n\t\t\t\t\t\t<\/div>\n\t\t\t\t\t<\/div>\n\t\t<\/div>\n\t\t\t\t\t\t\t\t<\/div>\n\t\t\t\t\t<\/div>\n\t\t<\/section>\n\t\t\t\t<section class=\"elementor-section elementor-top-section elementor-element elementor-element-0c20847 elementor-section-boxed elementor-section-height-default elementor-section-height-default\" data-id=\"0c20847\" data-element_type=\"section\">\n\t\t\t\t\t\t<div class=\"elementor-container elementor-column-gap-default\">\n\t\t\t\t\t\t\t<div class=\"elementor-row\">\n\t\t\t\t\t<div class=\"elementor-column elementor-col-50 elementor-top-column elementor-element elementor-element-75d39b6\" data-id=\"75d39b6\" data-element_type=\"column\">\n\t\t\t<div class=\"elementor-column-wrap elementor-element-populated\">\n\t\t\t\t\t\t\t<div class=\"elementor-widget-wrap\">\n\t\t\t\t\t\t<div class=\"elementor-element elementor-element-6a8500f elementor-widget elementor-widget-image\" data-id=\"6a8500f\" data-element_type=\"widget\" data-widget_type=\"image.default\">\n\t\t\t\t<div class=\"elementor-widget-container\">\n\t\t\t\t\t<div class=\"elementor-image\">\n\t\t\t\t\t\t\t\t\t\t<img width=\"800\" height=\"320\" src=\"https:\/\/www.simo-international.com\/wp-content\/uploads\/2020\/12\/energyfalcon-1024x410.jpg\" class=\"attachment-large size-large\" alt=\"\" loading=\"lazy\" srcset=\"https:\/\/www.simo-international.com\/wp-content\/uploads\/2020\/12\/energyfalcon-1024x410.jpg 1024w, https:\/\/www.simo-international.com\/wp-content\/uploads\/2020\/12\/energyfalcon-300x120.jpg 300w, https:\/\/www.simo-international.com\/wp-content\/uploads\/2020\/12\/energyfalcon-768x308.jpg 768w, https:\/\/www.simo-international.com\/wp-content\/uploads\/2020\/12\/energyfalcon-16x6.jpg 16w, https:\/\/www.simo-international.com\/wp-content\/uploads\/2020\/12\/energyfalcon.jpg 1356w\" sizes=\"(max-width: 800px) 100vw, 800px\" \/>\t\t\t\t\t\t\t\t\t\t\t<\/div>\n\t\t\t\t<\/div>\n\t\t\t\t<\/div>\n\t\t\t\t\t\t<\/div>\n\t\t\t\t\t<\/div>\n\t\t<\/div>\n\t\t\t\t<div class=\"elementor-column elementor-col-50 elementor-top-column elementor-element elementor-element-6af4275\" data-id=\"6af4275\" data-element_type=\"column\">\n\t\t\t<div class=\"elementor-column-wrap elementor-element-populated\">\n\t\t\t\t\t\t\t<div class=\"elementor-widget-wrap\">\n\t\t\t\t\t\t<div class=\"elementor-element elementor-element-5f95385 elementor-widget elementor-widget-image\" data-id=\"5f95385\" data-element_type=\"widget\" data-widget_type=\"image.default\">\n\t\t\t\t<div class=\"elementor-widget-container\">\n\t\t\t\t\t<div class=\"elementor-image\">\n\t\t\t\t\t\t\t\t\t\t<img width=\"800\" height=\"483\" src=\"https:\/\/www.simo-international.com\/wp-content\/uploads\/2020\/12\/adidass.jpg\" class=\"attachment-large size-large\" alt=\"\" loading=\"lazy\" srcset=\"https:\/\/www.simo-international.com\/wp-content\/uploads\/2020\/12\/adidass.jpg 899w, https:\/\/www.simo-international.com\/wp-content\/uploads\/2020\/12\/adidass-300x181.jpg 300w, https:\/\/www.simo-international.com\/wp-content\/uploads\/2020\/12\/adidass-768x464.jpg 768w, https:\/\/www.simo-international.com\/wp-content\/uploads\/2020\/12\/adidass-16x10.jpg 16w\" sizes=\"(max-width: 800px) 100vw, 800px\" \/>\t\t\t\t\t\t\t\t\t\t\t<\/div>\n\t\t\t\t<\/div>\n\t\t\t\t<\/div>\n\t\t\t\t\t\t<\/div>\n\t\t\t\t\t<\/div>\n\t\t<\/div>\n\t\t\t\t\t\t\t\t<\/div>\n\t\t\t\t\t<\/div>\n\t\t<\/section>\n\t\t\t\t<section class=\"elementor-section elementor-top-section elementor-element elementor-element-5a45019 elementor-section-boxed elementor-section-height-default elementor-section-height-default\" data-id=\"5a45019\" data-element_type=\"section\">\n\t\t\t\t\t\t<div class=\"elementor-container elementor-column-gap-default\">\n\t\t\t\t\t\t\t<div class=\"elementor-row\">\n\t\t\t\t\t<div class=\"elementor-column elementor-col-100 elementor-top-column elementor-element elementor-element-8739052\" data-id=\"8739052\" data-element_type=\"column\">\n\t\t\t<div class=\"elementor-column-wrap elementor-element-populated\">\n\t\t\t\t\t\t\t<div class=\"elementor-widget-wrap\">\n\t\t\t\t\t\t<div class=\"elementor-element elementor-element-f89ffc9 elementor-widget elementor-widget-image\" data-id=\"f89ffc9\" data-element_type=\"widget\" data-widget_type=\"image.default\">\n\t\t\t\t<div class=\"elementor-widget-container\">\n\t\t\t\t\t<div class=\"elementor-image\">\n\t\t\t\t\t\t\t\t\t\t<img width=\"1200\" height=\"800\" src=\"https:\/\/www.simo-international.com\/wp-content\/uploads\/2020\/12\/reput.jpg\" class=\"attachment-full size-full\" alt=\"\" loading=\"lazy\" srcset=\"https:\/\/www.simo-international.com\/wp-content\/uploads\/2020\/12\/reput.jpg 1200w, https:\/\/www.simo-international.com\/wp-content\/uploads\/2020\/12\/reput-300x200.jpg 300w, https:\/\/www.simo-international.com\/wp-content\/uploads\/2020\/12\/reput-1024x683.jpg 1024w, https:\/\/www.simo-international.com\/wp-content\/uploads\/2020\/12\/reput-768x512.jpg 768w, https:\/\/www.simo-international.com\/wp-content\/uploads\/2020\/12\/reput-16x12.jpg 16w\" sizes=\"(max-width: 1200px) 100vw, 1200px\" \/>\t\t\t\t\t\t\t\t\t\t\t<\/div>\n\t\t\t\t<\/div>\n\t\t\t\t<\/div>\n\t\t\t\t\t\t<\/div>\n\t\t\t\t\t<\/div>\n\t\t<\/div>\n\t\t\t\t\t\t\t\t<\/div>\n\t\t\t\t\t<\/div>\n\t\t<\/section>\n\t\t\t\t\t\t<\/div>\n\t\t\t\t\t\t<\/div>\n\t\t\t\t\t<\/div>","protected":false},"excerpt":{"rendered":"<p>The unsold goods that accumulate end up building up unprofitable stocks. These stocks can still find a second wind in new markets thanks to Simo International. We buy and sell inventory through our well-established and controlled distribution network for many years. We are an international sales force with [\u2026]<\/p>","protected":false},"author":2,"featured_media":0,"parent":131,"menu_order":0,"comment_status":"closed","ping_status":"closed","template":"","meta":[],"yoast_head":"<!-- This site is optimized with the Yoast SEO plugin v15.6.2 - https:\/\/yoast.com\/wordpress\/plugins\/seo\/ -->\n<title>Valeur ajout\u00e9e - Simo-Internationnal<\/title>\n<meta name=\"robots\" content=\"index, follow, max-snippet:-1, max-image-preview:large, max-video-preview:-1\" \/>\n<link rel=\"canonical\" href=\"https:\/\/www.simo-international.com\/en\/fournisseurs\/valeur-ajoutee\/\" \/>\n<meta property=\"og:locale\" content=\"en_GB\" \/>\n<meta property=\"og:type\" content=\"article\" \/>\n<meta property=\"og:title\" content=\"Valeur ajout\u00e9e - Simo-Internationnal\" \/>\n<meta property=\"og:description\" content=\"Les marchandises invendues qui s&#8217;accumulent finissent par constituer des stocks sans rentabilit\u00e9. Ces stocks peuvent encore trouver un second souffle sur de nouveaux march\u00e9s gr\u00e2ce \u00e0 Simo International. Nous achetons et \u00e9coulons les stocks par l&#8217;interm\u00e9diaire de notre r\u00e9seau de distribution contr\u00f4l\u00e9 et \u00e9tablie depuis de nombreuses ann\u00e9es. Nous sommes une force commerciale internationale poss\u00e9dant [&hellip;]\" \/>\n<meta property=\"og:url\" content=\"https:\/\/www.simo-international.com\/en\/fournisseurs\/valeur-ajoutee\/\" \/>\n<meta property=\"og:site_name\" content=\"Simo-Internationnal\" \/>\n<meta property=\"article:modified_time\" content=\"2020-12-08T12:40:09+00:00\" \/>\n<meta property=\"og:image\" content=\"https:\/\/www.simo-international.ovh\/wp-content\/uploads\/2020\/12\/energyfalcon-1024x410.jpg\" \/>\n<meta name=\"twitter:card\" content=\"summary_large_image\" \/>\n<meta name=\"twitter:label1\" content=\"Estimated reading time\">\n\t<meta name=\"twitter:data1\" content=\"1 minute\">\n<script type=\"application\/ld+json\" class=\"yoast-schema-graph\">{\"@context\":\"https:\/\/schema.org\",\"@graph\":[{\"@type\":\"Organization\",\"@id\":\"https:\/\/www.simo-international.com\/#organization\",\"name\":\"Simo INternational\",\"url\":\"https:\/\/www.simo-international.com\/\",\"sameAs\":[],\"logo\":{\"@type\":\"ImageObject\",\"@id\":\"https:\/\/www.simo-international.com\/#logo\",\"inLanguage\":\"en-GB\",\"url\":\"https:\/\/www.simo-international.com\/wp-content\/uploads\/2020\/12\/logo_simo_definitif_2020_512x512.png\",\"width\":512,\"height\":512,\"caption\":\"Simo INternational\"},\"image\":{\"@id\":\"https:\/\/www.simo-international.com\/#logo\"}},{\"@type\":\"WebSite\",\"@id\":\"https:\/\/www.simo-international.com\/#website\",\"url\":\"https:\/\/www.simo-international.com\/\",\"name\":\"Simo-Internationnal\",\"description\":\"Un site utilisant WordPress\",\"publisher\":{\"@id\":\"https:\/\/www.simo-international.com\/#organization\"},\"potentialAction\":[{\"@type\":\"SearchAction\",\"target\":\"https:\/\/www.simo-international.com\/?s={search_term_string}\",\"query-input\":\"required name=search_term_string\"}],\"inLanguage\":\"en-GB\"},{\"@type\":\"ImageObject\",\"@id\":\"https:\/\/www.simo-international.com\/fournisseurs\/valeur-ajoutee\/#primaryimage\",\"inLanguage\":\"en-GB\",\"url\":\"https:\/\/www.simo-international.ovh\/wp-content\/uploads\/2020\/12\/energyfalcon-1024x410.jpg\"},{\"@type\":\"WebPage\",\"@id\":\"https:\/\/www.simo-international.com\/fournisseurs\/valeur-ajoutee\/#webpage\",\"url\":\"https:\/\/www.simo-international.com\/fournisseurs\/valeur-ajoutee\/\",\"name\":\"Valeur ajout\\u00e9e - Simo-Internationnal\",\"isPartOf\":{\"@id\":\"https:\/\/www.simo-international.com\/#website\"},\"primaryImageOfPage\":{\"@id\":\"https:\/\/www.simo-international.com\/fournisseurs\/valeur-ajoutee\/#primaryimage\"},\"datePublished\":\"2020-11-26T13:57:49+00:00\",\"dateModified\":\"2020-12-08T12:40:09+00:00\",\"breadcrumb\":{\"@id\":\"https:\/\/www.simo-international.com\/fournisseurs\/valeur-ajoutee\/#breadcrumb\"},\"inLanguage\":\"en-GB\",\"potentialAction\":[{\"@type\":\"ReadAction\",\"target\":[\"https:\/\/www.simo-international.com\/fournisseurs\/valeur-ajoutee\/\"]}]},{\"@type\":\"BreadcrumbList\",\"@id\":\"https:\/\/www.simo-international.com\/fournisseurs\/valeur-ajoutee\/#breadcrumb\",\"itemListElement\":[{\"@type\":\"ListItem\",\"position\":1,\"item\":{\"@type\":\"WebPage\",\"@id\":\"https:\/\/www.simo-international.com\/\",\"url\":\"https:\/\/www.simo-international.com\/\",\"name\":\"Accueil\"}},{\"@type\":\"ListItem\",\"position\":2,\"item\":{\"@type\":\"WebPage\",\"@id\":\"https:\/\/www.simo-international.com\/fournisseurs\/\",\"url\":\"https:\/\/www.simo-international.com\/fournisseurs\/\",\"name\":\"Fournisseurs\"}},{\"@type\":\"ListItem\",\"position\":3,\"item\":{\"@type\":\"WebPage\",\"@id\":\"https:\/\/www.simo-international.com\/fournisseurs\/valeur-ajoutee\/\",\"url\":\"https:\/\/www.simo-international.com\/fournisseurs\/valeur-ajoutee\/\",\"name\":\"Valeur ajout\\u00e9e\"}}]}]}<\/script>\n<!-- \/ Yoast SEO plugin. -->","_links":{"self":[{"href":"https:\/\/www.simo-international.com\/en\/wp-json\/wp\/v2\/pages\/121"}],"collection":[{"href":"https:\/\/www.simo-international.com\/en\/wp-json\/wp\/v2\/pages"}],"about":[{"href":"https:\/\/www.simo-international.com\/en\/wp-json\/wp\/v2\/types\/page"}],"author":[{"embeddable":true,"href":"https:\/\/www.simo-international.com\/en\/wp-json\/wp\/v2\/users\/2"}],"replies":[{"embeddable":true,"href":"https:\/\/www.simo-international.com\/en\/wp-json\/wp\/v2\/comments?post=121"}],"version-history":[{"count":40,"href":"https:\/\/www.simo-international.com\/en\/wp-json\/wp\/v2\/pages\/121\/revisions"}],"predecessor-version":[{"id":1035,"href":"https:\/\/www.simo-international.com\/en\/wp-json\/wp\/v2\/pages\/121\/revisions\/1035"}],"up":[{"embeddable":true,"href":"https:\/\/www.simo-international.com\/en\/wp-json\/wp\/v2\/pages\/131"}],"wp:attachment":[{"href":"https:\/\/www.simo-international.com\/en\/wp-json\/wp\/v2\/media?parent=121"}],"curies":[{"name":"wp","href":"https:\/\/api.w.org\/{rel}","templated":true}]}}